{"id":1467,"date":"2024-11-06T16:11:10","date_gmt":"2024-11-06T16:11:10","guid":{"rendered":"https:\/\/www.camping-molignon.ch\/der-camping\/activites\/"},"modified":"2024-12-18T12:56:15","modified_gmt":"2024-12-18T12:56:15","slug":"aktivitaeten","status":"publish","type":"page","link":"https:\/\/www.camping-molignon.ch\/de\/der-camping\/aktivitaeten\/","title":{"rendered":"Aktivit\u00e4ten vor Ort"},"content":{"rendered":"","protected":false},"excerpt":{"rendered":"","protected":false},"author":2,"featured_media":0,"parent":1414,"menu_order":0,"comment_status":"closed","ping_status":"closed","template":"","meta":{"_acf_changed":false,"footnotes":""},"class_list":["post-1467","page","type-page","status-publish","hentry"],"acf":[],"yoast_head":"<!-- This site is optimized with the Yoast SEO plugin v27.3 - https:\/\/yoast.com\/product\/yoast-seo-wordpress\/ -->\n<title>Aktivit\u00e4ten auf dem Campingplatz - Camping Molignon<\/title>\n<meta name=\"description\" content=\"Auf dem Campingplatz Molignon: beheiztes und \u00fcberdachtes Schwimmbad, Planschbecken f\u00fcr Kinder, Spielplatz mit Rutschen, Schaukeln und Tischtennisplatten f\u00fcr alle.\" \/>\n<meta name=\"robots\" content=\"index, follow, max-snippet:-1, max-image-preview:large, max-video-preview:-1\" \/>\n<link rel=\"canonical\" href=\"https:\/\/www.camping-molignon.ch\/de\/der-camping\/aktivitaeten\/\" \/>\n<meta property=\"og:locale\" content=\"de_DE\" \/>\n<meta property=\"og:type\" content=\"article\" \/>\n<meta property=\"og:title\" content=\"Aktivit\u00e4ten auf dem Campingplatz - Camping Molignon\" \/>\n<meta property=\"og:description\" content=\"Auf dem Campingplatz Molignon: beheiztes und \u00fcberdachtes Schwimmbad, Planschbecken f\u00fcr Kinder, Spielplatz mit Rutschen, Schaukeln und Tischtennisplatten f\u00fcr alle.\" \/>\n<meta property=\"og:url\" content=\"https:\/\/www.camping-molignon.ch\/de\/der-camping\/aktivitaeten\/\" \/>\n<meta property=\"og:site_name\" content=\"Camping Molignon\" \/>\n<meta property=\"article:publisher\" content=\"https:\/\/www.facebook.com\/camping.molignon\" \/>\n<meta property=\"article:modified_time\" content=\"2024-12-18T12:56:15+00:00\" \/>\n<meta property=\"og:image\" content=\"https:\/\/www.camping-molignon.ch\/wp-content\/uploads\/2025\/01\/Camping-Molignon.jpg\" \/>\n\t<meta property=\"og:image:width\" content=\"1200\" \/>\n\t<meta property=\"og:image:height\" content=\"675\" \/>\n\t<meta property=\"og:image:type\" content=\"image\/jpeg\" \/>\n<meta name=\"twitter:card\" content=\"summary_large_image\" \/>\n<script type=\"application\/ld+json\" class=\"yoast-schema-graph\">{\"@context\":\"https:\\\/\\\/schema.org\",\"@graph\":[{\"@type\":\"WebPage\",\"@id\":\"https:\\\/\\\/www.camping-molignon.ch\\\/de\\\/der-camping\\\/aktivitaeten\\\/\",\"url\":\"https:\\\/\\\/www.camping-molignon.ch\\\/de\\\/der-camping\\\/aktivitaeten\\\/\",\"name\":\"Aktivit\u00e4ten auf dem Campingplatz - Camping Molignon\",\"isPartOf\":{\"@id\":\"https:\\\/\\\/www.camping-molignon.ch\\\/de\\\/#website\"},\"datePublished\":\"2024-11-06T16:11:10+00:00\",\"dateModified\":\"2024-12-18T12:56:15+00:00\",\"description\":\"Auf dem Campingplatz Molignon: beheiztes und \u00fcberdachtes Schwimmbad, Planschbecken f\u00fcr Kinder, Spielplatz mit Rutschen, Schaukeln und Tischtennisplatten f\u00fcr alle.\",\"breadcrumb\":{\"@id\":\"https:\\\/\\\/www.camping-molignon.ch\\\/de\\\/der-camping\\\/aktivitaeten\\\/#breadcrumb\"},\"inLanguage\":\"de\",\"potentialAction\":[{\"@type\":\"ReadAction\",\"target\":[\"https:\\\/\\\/www.camping-molignon.ch\\\/de\\\/der-camping\\\/aktivitaeten\\\/\"]}]},{\"@type\":\"BreadcrumbList\",\"@id\":\"https:\\\/\\\/www.camping-molignon.ch\\\/de\\\/der-camping\\\/aktivitaeten\\\/#breadcrumb\",\"itemListElement\":[{\"@type\":\"ListItem\",\"position\":1,\"name\":\"Home\",\"item\":\"https:\\\/\\\/www.camping-molignon.ch\\\/de\\\/\"},{\"@type\":\"ListItem\",\"position\":2,\"name\":\"Der camping\",\"item\":\"https:\\\/\\\/www.camping-molignon.ch\\\/de\\\/der-camping\\\/\"},{\"@type\":\"ListItem\",\"position\":3,\"name\":\"Aktivit\u00e4ten vor Ort\"}]},{\"@type\":\"WebSite\",\"@id\":\"https:\\\/\\\/www.camping-molignon.ch\\\/de\\\/#website\",\"url\":\"https:\\\/\\\/www.camping-molignon.ch\\\/de\\\/\",\"name\":\"Camping Molignon\",\"description\":\"Camping 4 \u00e9toiles - Valais - Suisse\",\"publisher\":{\"@id\":\"https:\\\/\\\/www.camping-molignon.ch\\\/de\\\/#organization\"},\"potentialAction\":[{\"@type\":\"SearchAction\",\"target\":{\"@type\":\"EntryPoint\",\"urlTemplate\":\"https:\\\/\\\/www.camping-molignon.ch\\\/de\\\/?s={search_term_string}\"},\"query-input\":{\"@type\":\"PropertyValueSpecification\",\"valueRequired\":true,\"valueName\":\"search_term_string\"}}],\"inLanguage\":\"de\"},{\"@type\":\"Organization\",\"@id\":\"https:\\\/\\\/www.camping-molignon.ch\\\/de\\\/#organization\",\"name\":\"Camping Molignon\",\"url\":\"https:\\\/\\\/www.camping-molignon.ch\\\/de\\\/\",\"logo\":{\"@type\":\"ImageObject\",\"inLanguage\":\"de\",\"@id\":\"https:\\\/\\\/www.camping-molignon.ch\\\/de\\\/#\\\/schema\\\/logo\\\/image\\\/\",\"url\":\"https:\\\/\\\/www.camping-molignon.ch\\\/wp-content\\\/uploads\\\/2025\\\/01\\\/logo-camping-Molignon.png\",\"contentUrl\":\"https:\\\/\\\/www.camping-molignon.ch\\\/wp-content\\\/uploads\\\/2025\\\/01\\\/logo-camping-Molignon.png\",\"width\":696,\"height\":696,\"caption\":\"Camping Molignon\"},\"image\":{\"@id\":\"https:\\\/\\\/www.camping-molignon.ch\\\/de\\\/#\\\/schema\\\/logo\\\/image\\\/\"},\"sameAs\":[\"https:\\\/\\\/www.facebook.com\\\/camping.molignon\",\"https:\\\/\\\/www.instagram.com\\\/explore\\\/locations\\\/338510323\\\/camping-molignon\\\/\"]}]}<\/script>\n<!-- \/ Yoast SEO plugin. -->","yoast_head_json":{"title":"Aktivit\u00e4ten auf dem Campingplatz - Camping Molignon","description":"Auf dem Campingplatz Molignon: beheiztes und \u00fcberdachtes Schwimmbad, Planschbecken f\u00fcr Kinder, Spielplatz mit Rutschen, Schaukeln und Tischtennisplatten f\u00fcr alle.","robots":{"index":"index","follow":"follow","max-snippet":"max-snippet:-1","max-image-preview":"max-image-preview:large","max-video-preview":"max-video-preview:-1"},"canonical":"https:\/\/www.camping-molignon.ch\/de\/der-camping\/aktivitaeten\/","og_locale":"de_DE","og_type":"article","og_title":"Aktivit\u00e4ten auf dem Campingplatz - Camping Molignon","og_description":"Auf dem Campingplatz Molignon: beheiztes und \u00fcberdachtes Schwimmbad, Planschbecken f\u00fcr Kinder, Spielplatz mit Rutschen, Schaukeln und Tischtennisplatten f\u00fcr alle.","og_url":"https:\/\/www.camping-molignon.ch\/de\/der-camping\/aktivitaeten\/","og_site_name":"Camping Molignon","article_publisher":"https:\/\/www.facebook.com\/camping.molignon","article_modified_time":"2024-12-18T12:56:15+00:00","og_image":[{"width":1200,"height":675,"url":"https:\/\/www.camping-molignon.ch\/wp-content\/uploads\/2025\/01\/Camping-Molignon.jpg","type":"image\/jpeg"}],"twitter_card":"summary_large_image","schema":{"@context":"https:\/\/schema.org","@graph":[{"@type":"WebPage","@id":"https:\/\/www.camping-molignon.ch\/de\/der-camping\/aktivitaeten\/","url":"https:\/\/www.camping-molignon.ch\/de\/der-camping\/aktivitaeten\/","name":"Aktivit\u00e4ten auf dem Campingplatz - Camping Molignon","isPartOf":{"@id":"https:\/\/www.camping-molignon.ch\/de\/#website"},"datePublished":"2024-11-06T16:11:10+00:00","dateModified":"2024-12-18T12:56:15+00:00","description":"Auf dem Campingplatz Molignon: beheiztes und \u00fcberdachtes Schwimmbad, Planschbecken f\u00fcr Kinder, Spielplatz mit Rutschen, Schaukeln und Tischtennisplatten f\u00fcr alle.","breadcrumb":{"@id":"https:\/\/www.camping-molignon.ch\/de\/der-camping\/aktivitaeten\/#breadcrumb"},"inLanguage":"de","potentialAction":[{"@type":"ReadAction","target":["https:\/\/www.camping-molignon.ch\/de\/der-camping\/aktivitaeten\/"]}]},{"@type":"BreadcrumbList","@id":"https:\/\/www.camping-molignon.ch\/de\/der-camping\/aktivitaeten\/#breadcrumb","itemListElement":[{"@type":"ListItem","position":1,"name":"Home","item":"https:\/\/www.camping-molignon.ch\/de\/"},{"@type":"ListItem","position":2,"name":"Der camping","item":"https:\/\/www.camping-molignon.ch\/de\/der-camping\/"},{"@type":"ListItem","position":3,"name":"Aktivit\u00e4ten vor Ort"}]},{"@type":"WebSite","@id":"https:\/\/www.camping-molignon.ch\/de\/#website","url":"https:\/\/www.camping-molignon.ch\/de\/","name":"Camping Molignon","description":"Camping 4 \u00e9toiles - Valais - Suisse","publisher":{"@id":"https:\/\/www.camping-molignon.ch\/de\/#organization"},"potentialAction":[{"@type":"SearchAction","target":{"@type":"EntryPoint","urlTemplate":"https:\/\/www.camping-molignon.ch\/de\/?s={search_term_string}"},"query-input":{"@type":"PropertyValueSpecification","valueRequired":true,"valueName":"search_term_string"}}],"inLanguage":"de"},{"@type":"Organization","@id":"https:\/\/www.camping-molignon.ch\/de\/#organization","name":"Camping Molignon","url":"https:\/\/www.camping-molignon.ch\/de\/","logo":{"@type":"ImageObject","inLanguage":"de","@id":"https:\/\/www.camping-molignon.ch\/de\/#\/schema\/logo\/image\/","url":"https:\/\/www.camping-molignon.ch\/wp-content\/uploads\/2025\/01\/logo-camping-Molignon.png","contentUrl":"https:\/\/www.camping-molignon.ch\/wp-content\/uploads\/2025\/01\/logo-camping-Molignon.png","width":696,"height":696,"caption":"Camping Molignon"},"image":{"@id":"https:\/\/www.camping-molignon.ch\/de\/#\/schema\/logo\/image\/"},"sameAs":["https:\/\/www.facebook.com\/camping.molignon","https:\/\/www.instagram.com\/explore\/locations\/338510323\/camping-molignon\/"]}]}},"_links":{"self":[{"href":"https:\/\/www.camping-molignon.ch\/de\/wp-json\/wp\/v2\/pages\/1467","targetHints":{"allow":["GET"]}}],"collection":[{"href":"https:\/\/www.camping-molignon.ch\/de\/wp-json\/wp\/v2\/pages"}],"about":[{"href":"https:\/\/www.camping-molignon.ch\/de\/wp-json\/wp\/v2\/types\/page"}],"author":[{"embeddable":true,"href":"https:\/\/www.camping-molignon.ch\/de\/wp-json\/wp\/v2\/users\/2"}],"replies":[{"embeddable":true,"href":"https:\/\/www.camping-molignon.ch\/de\/wp-json\/wp\/v2\/comments?post=1467"}],"version-history":[{"count":0,"href":"https:\/\/www.camping-molignon.ch\/de\/wp-json\/wp\/v2\/pages\/1467\/revisions"}],"up":[{"embeddable":true,"href":"https:\/\/www.camping-molignon.ch\/de\/wp-json\/wp\/v2\/pages\/1414"}],"wp:attachment":[{"href":"https:\/\/www.camping-molignon.ch\/de\/wp-json\/wp\/v2\/media?parent=1467"}],"curies":[{"name":"wp","href":"https:\/\/api.w.org\/{rel}","templated":true}]}}